{"id":577,"date":"2022-11-21T08:52:56","date_gmt":"2022-11-21T08:52:56","guid":{"rendered":"https:\/\/montawms.com\/nl\/?page_id=577"},"modified":"2025-03-18T08:37:38","modified_gmt":"2025-03-18T08:37:38","slug":"verifieren-van-een-order","status":"publish","type":"page","link":"https:\/\/montawms.com\/nl\/kennisbank\/outbound\/verifieren-van-een-order\/","title":{"rendered":"Verifi\u00ebren van een order?"},"content":{"rendered":"<nav aria-label=\"breadcrumbs\" class=\"rank-math-breadcrumb\"><p><span class=\"last\">Home<\/span><\/p><\/nav>\n\n\n\n<div class=\"wp-block-stackable-columns alignfull stk-block-columns stk-block stk-c2a98d6 stk-block-background stk--has-background-overlay\" data-block-id=\"c2a98d6\"><style>.stk-c2a98d6 {background-color:#009de0 !important;background-image:url(https:\/\/montawms.com\/nl\/wp-content\/uploads\/sites\/2\/2022\/11\/Verifieren-van-een-order.webp) !important;min-height:510px !important;align-items:center !important;margin-bottom:0px !important;display:flex !important;}.stk-c2a98d6:before{background-color:#009de0 !important;opacity:0.8 !important;}<\/style><div class=\"stk-row stk-inner-blocks stk-block-content stk-content-align stk-c2a98d6-column alignwide\">\n<div class=\"wp-block-stackable-column stk-block-column stk-column stk-block stk-0dfa6eb\" data-v=\"4\" data-block-id=\"0dfa6eb\"><div class=\"stk-column-wrapper stk-block-column__content stk-container stk-0dfa6eb-container stk--no-background stk--no-padding\"><div class=\"stk-block-content stk-inner-blocks stk-0dfa6eb-inner-blocks\">\n<div class=\"wp-block-stackable-heading stk-block-heading stk-block-heading--v2 stk-block stk-0c364f8\" id=\"strong-verifieren-van-een-order-strong\" data-block-id=\"0c364f8\"><style>.stk-0c364f8 .stk-block-heading__text{font-size:45px !important;color:var(--theme-palette-color-8, #ffffff) !important;}@media screen and (max-width:999px){.stk-0c364f8 .stk-block-heading__text{font-size:45px !important;}}<\/style><h1 class=\"stk-block-heading__text has-text-color has-text-align-center\"><strong>Verifi\u00ebren van een order?<\/strong><\/h1><\/div>\n<\/div><\/div><\/div>\n<\/div><\/div>\n\n\n\n<h2 class=\"wp-block-heading\"><strong>Verifi\u00ebren<\/strong><\/h2>\n\n\n\n<p class=\"wp-block-paragraph\">Bij het verifi\u00ebren van een order gebeuren een aantal dingen:<\/p>\n\n\n\n<ol class=\"wp-block-list\">\n<li><a href=\"https:\/\/montawms.com\/nl\/wms-software\/dropshipment\/\">Dropship orders <\/a>op verzonden zetten.<\/li>\n\n\n\n<li>Controle dubbel ordernummer<\/li>\n\n\n\n<li>Prepack instellen<\/li>\n\n\n\n<li>Adres normalisatie en -validatie<\/li>\n\n\n\n<li>E-mailadressen hashen<\/li>\n\n\n\n<li>Geblokkeerde landen, postcodes, e-mailadressen, producten<\/li>\n\n\n\n<li>Toevoeg- en splitsproducten instellen<\/li>\n\n\n\n<li>Producten zoeken aan de hand van het SKU<\/li>\n\n\n\n<li>Order omzetten naar magazijn van de supplier<\/li>\n\n\n\n<li>Grote producten splitsen naar aparte order<\/li>\n\n\n\n<li>Douane informatie (pro forma) controleren.<\/li>\n\n\n\n<li>Dangerous goods.<\/li>\n\n\n\n<li>Shipper opties ingesteld bij het kanaal voor alle orders toepassen.<\/li>\n\n\n\n<li>Order splitsen op prijs.<\/li>\n\n\n\n<li>Instelling \u2018verzekerd verzenden vanaf orderwaarde\u2019 toepassen.<\/li>\n\n\n\n<li>Surprise pack per product. Bij een product kan ingesteld worden dat deze altijd een inpakinstructie moet krijgen.<\/li>\n\n\n\n<li>Backorder controle. Er wordt gekeken of alle producten op voorraad zijn. Is dit niet geval, dan krijgt de order de status Backorder. Er wordt nog wel een verzender bepaald, maar geen geplande verzenddatum en de order wordt ook niet klaargezet voor het pickproces.<\/li>\n\n\n\n<li>Voorraad reserveren. Als een order geen backorder is wordt een voorraadreservering gemaakt. Bij backorders, Etransit orders en geblokkeerde orders wordt standaard ook een voorraadreservering gemaakt, maar dit is uit te schakelen. Voorraadreserveringen zorgen ervoor dat orders in de juiste volgorde verwerkt worden.<\/li>\n\n\n\n<li><a href=\"https:\/\/montawms.com\/nl\/wms-software\/verzendsoftware\/\">Verzender bepalen<\/a>. Er wordt een verzender bepaald voor de order. Zie verzender keuze voor meer informatie hierover.<\/li>\n\n\n\n<li>Geplande verzenddatum bepalen.<\/li>\n\n\n\n<li>Order klaarzetten voor het pickproces. De voorraad wordt afgeboekt en toegewezen aan de order.<\/li>\n<\/ol>\n\n\n\n<h2 class=\"wp-block-heading\"><strong>Adresnormalisatie en -validatie<\/strong><\/h2>\n\n\n\n<p class=\"wp-block-paragraph\">Bij het verifi\u00ebren van een order wordt eerst het genormaliseerd en daarna gevalideerd. Afleveradres en factuuradres worden beide genormaliseerd. Het afleveradres wordt altijd geverifieerd, alleen bij zendingen naar een afhaalpunt wordt het factuuradres ook geverifieerd. Het factuuradres wordt namelijk doorgegeven bij afhaalpunten zendingen, hiermee controleert de verzender of ze het aan de juiste consument afgeven.<\/p>\n\n\n\n<h2 class=\"wp-block-heading\"><strong>Adresnormalisatie<\/strong><\/h2>\n\n\n\n<p class=\"wp-block-paragraph\">Bij het normaliseren gebeurd het volgende:<\/p>\n\n\n\n<ul class=\"wp-block-list\">\n<li>Het land, wat bijvoorbeeld ook ingevuld kan zijn als \u201cBelgi\u00eb\u201d, wordt omgezet naar de tweeletterige landcode<\/li>\n\n\n\n<li>De postcode wordt genormaliseerd: bij landen die een numerieke postcode hebben (bijv. Belgi\u00eb en Duitsland) worden alle niet-numerieke tekens eruit gegooid. Bij landen die ook letters in de postcode hebben (bijv. Nederland) wordt alle tekens die geen letter of cijfer zijn eruit gegooid.<\/li>\n\n\n\n<li>Als bij Belgische en Nederlandse adressen geen huisnummer is ingevuld (bijv. omdat het hele adres in de straat staat) wordt geprobeerd het huisnummer af te splitsen.<\/li>\n<\/ul>\n\n\n\n<p class=\"wp-block-paragraph\"><strong>Huisnummer afsplitsen bij Nederland en Belgi\u00eb<\/strong><br>Soms wordt het adres als \u00e9\u00e9n veld aangeleverd, dus straat + huisnummer (+ evt toevoeging) in \u00e9\u00e9n veld. Voor NL en BE proberen we het dan eerst te splitsen om te kunnen beoordelen of het huisnummer aanwezig en numeriek is is. Dit doen we volgens bepaalde regels van PostNL, die hier staan beschreven: https:\/\/www.postnl.nl\/klantenservice\/bestellen-en-downloaden\/documentatie-downloaden\/kix-code\/ (ToolKIX Pro voor software-ontwikkelaars en dan de Word handleiding in de zip).<\/p>\n\n\n\n<p class=\"wp-block-paragraph\">De \u201cRiskKIX-tabel\u201d (hierin staan de postcodes die een nummer in straatnaam hebben) moet handmatig worden bijgewerkt. Hoe dit moet staat in de IT wiki.<\/p>\n\n\n\n<h2 class=\"wp-block-heading\"><strong>Adresvalidatie<\/strong><\/h2>\n\n\n\n<p class=\"wp-block-paragraph\">Na het normaliseren wordt het adres gevalideerd. Als het adres niet geldig is, wordt de order geblokkeerd.<\/p>\n\n\n\n<ul class=\"wp-block-list\">\n<li>Naam, straat, plaats en landcode moeten ingevuld zijn<\/li>\n\n\n\n<li>Landcode moet een geldige landcode zijn<\/li>\n\n\n\n<li>Het format van de postcode moet goed zijn (bijv. in Belgi\u00eb 4 cijfers). Hiervoor staan reguliere expressies in de landentabel.<\/li>\n\n\n\n<li>In NL en BE moet een huisnummer aanwezig zijn en dit moet een nummer zijn<\/li>\n\n\n\n<li>Extra adresvalidaties van de verzender: bij sommige verzenders worden nog extra verzender specifieke controles gedaan. Zie de pagina van de betreffende verzender welke controles gedaan worden.<br><\/li>\n<\/ul>\n\n\n\n<p class=\"wp-block-paragraph\">Bij het printen van het verzendlabel bij de Echeck kan het zijn dat de verzender ook nog controles doet. (Als het label wordt opgehaald uit het systeem van de verzender.) Het kan zijn dat de verzender \u201cstrenger\u201d is dan onze controles (zoals hierboven beschreven). Dan kan het label niet gemaakt worden en wordt de order joker. De melding van de joker bevat de foutmelding die de verzender geeft. Hiermee kan het adres gecorrigeerd worden en kan opnieuw geprobeerd worden het verzendlabel te printen.<\/p>\n\n\n\n<p class=\"wp-block-paragraph\"><strong>Maximale lengte van de velden<\/strong><br>De maximale lengte van de naam- en adresvelden bij Monta is 255 karakters. Meer karakters zullen afgekapt worden bij het importeren van de order of er zal een fout ontstaan bij het importeren. Elke verzender heeft een eigen limiet voor het aantal karakters in de naam- en adresvelden. Zie hiervoor de pagina van de betreffende verzender.<\/p>\n\n\n\n<div class=\"wp-block-stackable-columns alignfull stk-block-columns stk-block stk-afd0150 stk-block-background\" data-block-id=\"afd0150\"><div class=\"stk-row stk-inner-blocks stk-block-content stk-content-align stk-afd0150-column\">\n<div class=\"wp-block-stackable-column stk-block-column stk-column stk-block stk-77de07a\" data-v=\"4\" data-block-id=\"77de07a\"><div class=\"stk-column-wrapper stk-block-column__content stk-container stk-77de07a-container stk--no-background stk--no-padding\"><div class=\"stk-block-content stk-inner-blocks stk-77de07a-inner-blocks\">\n<div class=\"wp-block-stackable-image stk-block-image stk--hide-desktop stk-block stk-9c9e12c\" data-block-id=\"9c9e12c\"><style>.stk-9c9e12c .stk-img-wrapper img{object-position:20% 52% !important;}<\/style><figure><span class=\"stk-img-wrapper stk-image--shape-stretch\"><img loading=\"lazy\" decoding=\"async\" class=\"stk-img wp-image-7853\" src=\"https:\/\/montawms.com\/nl\/wp-content\/uploads\/sites\/2\/2024\/02\/MontaWMS-monta.webp\" width=\"2000\" height=\"1333\" alt=\"Magazijnsoftware MontaWMS\" title=\"\" srcset=\"https:\/\/montawms.com\/nl\/wp-content\/uploads\/sites\/2\/2024\/02\/MontaWMS-monta.webp 2000w, https:\/\/montawms.com\/nl\/wp-content\/uploads\/sites\/2\/2024\/02\/MontaWMS-monta-300x200.webp 300w, https:\/\/montawms.com\/nl\/wp-content\/uploads\/sites\/2\/2024\/02\/MontaWMS-monta-1024x682.webp 1024w, https:\/\/montawms.com\/nl\/wp-content\/uploads\/sites\/2\/2024\/02\/MontaWMS-monta-768x512.webp 768w, https:\/\/montawms.com\/nl\/wp-content\/uploads\/sites\/2\/2024\/02\/MontaWMS-monta-1536x1024.webp 1536w\" sizes=\"auto, (max-width: 2000px) 100vw, 2000px\" \/><\/span><\/figure><\/div>\n\n\n\n<div class=\"wp-block-stackable-columns stk-block-columns stk-block stk-cf5ca68\" data-block-id=\"cf5ca68\"><div class=\"stk-row stk-inner-blocks stk-block-content stk-content-align stk-cf5ca68-column\">\n<div class=\"wp-block-stackable-column stk-block-column stk-column stk--hide-tablet stk--hide-mobile stk-block stk-d23d39e\" data-v=\"4\" data-block-id=\"d23d39e\"><style>.stk-d23d39e {align-self:center !important;}<\/style><div class=\"stk-column-wrapper stk-block-column__content stk-container stk-d23d39e-container stk--no-background stk--no-padding\"><div class=\"stk-block-content stk-inner-blocks stk-d23d39e-inner-blocks\">\n<div class=\"wp-block-stackable-image stk-block-image stk-block stk-329f6b8\" data-block-id=\"329f6b8\"><style>.stk-329f6b8 .stk-img-wrapper{aspect-ratio:1\/1 !important;height:auto !important;}.stk-329f6b8 .stk-img-wrapper img{object-position:22% 55.00000000000001% !important;}@media screen and (max-width:999px){.stk-329f6b8 .stk-img-wrapper{height:auto !important;}}@media screen and (max-width:689px){.stk-329f6b8 .stk-img-wrapper{height:auto !important;}}<\/style><figure><span class=\"stk-img-wrapper stk-image--shape-stretch\"><img loading=\"lazy\" decoding=\"async\" class=\"stk-img wp-image-7853\" src=\"https:\/\/montawms.com\/nl\/wp-content\/uploads\/sites\/2\/2024\/02\/MontaWMS-monta.webp\" width=\"2000\" height=\"1333\" alt=\"Magazijnsoftware MontaWMS\" title=\"\" srcset=\"https:\/\/montawms.com\/nl\/wp-content\/uploads\/sites\/2\/2024\/02\/MontaWMS-monta.webp 2000w, https:\/\/montawms.com\/nl\/wp-content\/uploads\/sites\/2\/2024\/02\/MontaWMS-monta-300x200.webp 300w, https:\/\/montawms.com\/nl\/wp-content\/uploads\/sites\/2\/2024\/02\/MontaWMS-monta-1024x682.webp 1024w, https:\/\/montawms.com\/nl\/wp-content\/uploads\/sites\/2\/2024\/02\/MontaWMS-monta-768x512.webp 768w, https:\/\/montawms.com\/nl\/wp-content\/uploads\/sites\/2\/2024\/02\/MontaWMS-monta-1536x1024.webp 1536w\" sizes=\"auto, (max-width: 2000px) 100vw, 2000px\" \/><\/span><\/figure><\/div>\n<\/div><\/div><\/div>\n\n\n\n<div class=\"wp-block-stackable-column stk-block-column stk-column stk-block stk-93ac34d\" data-v=\"4\" data-block-id=\"93ac34d\"><style>.stk-93ac34d {align-self:center !important;}<\/style><div class=\"stk-column-wrapper stk-block-column__content stk-container stk-93ac34d-container stk--no-background stk--no-padding\"><div class=\"stk-block-content stk-inner-blocks stk-93ac34d-inner-blocks\">\n<div class=\"wp-block-stackable-text stk-block-text stk-block stk-beaebea\" data-block-id=\"beaebea\"><style>.stk-beaebea .stk-block-text__text{font-size:35px !important;}@media screen and (max-width:999px){.stk-beaebea .stk-block-text__text{font-size:35px !important;}}<\/style><p class=\"stk-block-text__text\"><strong>Gratis magazijncheck?<\/strong><\/p><\/div>\n\n\n\n<div class=\"wp-block-stackable-text stk-block-text stk-block stk-fdc9428\" data-block-id=\"fdc9428\"><p class=\"stk-block-text__text\">Je magazijn ook effici\u00ebnter inrichten? MontaWMS komt vrijblijvend bij je langs. Vul hieronder je gegevens in en we nemen contact met je op.<\/p><\/div>\n\n\n\n<div class=\"wp-block-leadin-hubspot-form-block\">\n\t\t\t\t\t\t<script>\n\t\t\t\t\t\t\twindow.hsFormsOnReady = window.hsFormsOnReady || [];\n\t\t\t\t\t\t\twindow.hsFormsOnReady.push(()=>{\n\t\t\t\t\t\t\t\thbspt.forms.create({\n\t\t\t\t\t\t\t\t\tportalId: 143977985,\n\t\t\t\t\t\t\t\t\tformId: \"b9945537-04f5-460e-aa69-85c8f26a8c56\",\n\t\t\t\t\t\t\t\t\ttarget: \"#hbspt-form-1776890892000-2083733781\",\n\t\t\t\t\t\t\t\t\tregion: \"eu1\",\n\t\t\t\t\t\t\t\t\t\n\t\t\t\t\t\t\t})});\n\t\t\t\t\t\t<\/script>\n\t\t\t\t\t\t<div class=\"hbspt-form\" id=\"hbspt-form-1776890892000-2083733781\"><\/div><\/div>\n<\/div><\/div><\/div>\n<\/div><\/div>\n<\/div><\/div><\/div>\n<\/div><\/div>\n\n\n\n<div class=\"wp-block-stackable-spacer stk-block-spacer stk--no-padding stk-block stk-90bf824\" data-block-id=\"90bf824\"><\/div>\n","protected":false},"excerpt":{"rendered":"<p>Verifi\u00ebren van een order? Verifi\u00ebren Bij het verifi\u00ebren van een order gebeuren een aantal dingen: Adresnormalisatie en -validatie Bij het verifi\u00ebren van een order wordt eerst het genormaliseerd en daarna gevalideerd. Afleveradres en factuuradres worden beide genormaliseerd. Het afleveradres wordt altijd geverifieerd, alleen bij zendingen naar een afhaalpunt wordt het factuuradres ook geverifieerd. Het factuuradres [&hellip;]<\/p>\n","protected":false},"author":2,"featured_media":0,"parent":436,"menu_order":0,"comment_status":"closed","ping_status":"closed","template":"","meta":{"_crdt_document":"","content-type":"","footnotes":""},"class_list":["post-577","page","type-page","status-publish","hentry"],"blocksy_meta":{"styles_descriptor":{"styles":{"desktop":"","tablet":"","mobile":""},"google_fonts":[],"version":6}},"ams_acf":[],"_links":{"self":[{"href":"https:\/\/montawms.com\/nl\/wp-json\/wp\/v2\/pages\/577","targetHints":{"allow":["GET"]}}],"collection":[{"href":"https:\/\/montawms.com\/nl\/wp-json\/wp\/v2\/pages"}],"about":[{"href":"https:\/\/montawms.com\/nl\/wp-json\/wp\/v2\/types\/page"}],"author":[{"embeddable":true,"href":"https:\/\/montawms.com\/nl\/wp-json\/wp\/v2\/users\/2"}],"replies":[{"embeddable":true,"href":"https:\/\/montawms.com\/nl\/wp-json\/wp\/v2\/comments?post=577"}],"version-history":[{"count":1,"href":"https:\/\/montawms.com\/nl\/wp-json\/wp\/v2\/pages\/577\/revisions"}],"predecessor-version":[{"id":10662,"href":"https:\/\/montawms.com\/nl\/wp-json\/wp\/v2\/pages\/577\/revisions\/10662"}],"up":[{"embeddable":true,"href":"https:\/\/montawms.com\/nl\/wp-json\/wp\/v2\/pages\/436"}],"wp:attachment":[{"href":"https:\/\/montawms.com\/nl\/wp-json\/wp\/v2\/media?parent=577"}],"curies":[{"name":"wp","href":"https:\/\/api.w.org\/{rel}","templated":true}]}}