{"id":579,"date":"2022-11-21T08:53:24","date_gmt":"2022-11-21T08:53:24","guid":{"rendered":"https:\/\/montawms.com\/nl\/?page_id=579"},"modified":"2025-03-18T08:38:58","modified_gmt":"2025-03-18T08:38:58","slug":"op-welke-manieren-een-order-splitsen","status":"publish","type":"page","link":"https:\/\/montawms.com\/nl\/kennisbank\/outbound\/op-welke-manieren-een-order-splitsen\/","title":{"rendered":"Op welke manieren een order splitsen?"},"content":{"rendered":"<nav aria-label=\"breadcrumbs\" class=\"rank-math-breadcrumb\"><p><span class=\"last\">Home<\/span><\/p><\/nav>\n\n\n\n<div class=\"wp-block-stackable-columns alignfull stk-block-columns stk-block stk-c2a98d6 stk-block-background stk--has-background-overlay\" data-block-id=\"c2a98d6\"><style>.stk-c2a98d6 {background-color:#009de0 !important;background-image:url(https:\/\/montawms.com\/nl\/wp-content\/uploads\/sites\/2\/2022\/11\/Op-welke-manier-een-order-splisten.webp) !important;min-height:510px !important;align-items:center !important;margin-bottom:0px !important;display:flex !important;}.stk-c2a98d6:before{background-color:#009de0 !important;opacity:0.8 !important;}<\/style><div class=\"stk-row stk-inner-blocks stk-block-content stk-content-align stk-c2a98d6-column alignwide\">\n<div class=\"wp-block-stackable-column stk-block-column stk-column stk-block stk-0dfa6eb\" data-v=\"4\" data-block-id=\"0dfa6eb\"><div class=\"stk-column-wrapper stk-block-column__content stk-container stk-0dfa6eb-container stk--no-background stk--no-padding\"><div class=\"stk-block-content stk-inner-blocks stk-0dfa6eb-inner-blocks\">\n<div class=\"wp-block-stackable-heading stk-block-heading stk-block-heading--v2 stk-block stk-0c364f8\" id=\"strong-op-welke-manier-order-splitsen-strong\" data-block-id=\"0c364f8\"><style>.stk-0c364f8 .stk-block-heading__text{font-size:45px !important;color:var(--theme-palette-color-8, #ffffff) !important;}@media screen and (max-width:999px){.stk-0c364f8 .stk-block-heading__text{font-size:45px !important;}}<\/style><h1 class=\"stk-block-heading__text has-text-color has-text-align-center\"><strong>Op welke manier order splitsen?<\/strong><\/h1><\/div>\n<\/div><\/div><\/div>\n<\/div><\/div>\n\n\n\n<h2 class=\"wp-block-heading\"><strong>Orders splitsen\/deelverzendingen<\/strong><\/h2>\n\n\n\n<p class=\"wp-block-paragraph\">Een order kan in meerdere delen verzonden worden. De order wordt dan gesplitst. Een order kan gesplitst worden op de volgende manieren:<\/p>\n\n\n\n<ul class=\"wp-block-list\">\n<li>Splitsen van backorders<\/li>\n\n\n\n<li>Splitsen van backorders van specifieke suppliers<\/li>\n\n\n\n<li>Splitsen op waarde<\/li>\n\n\n\n<li>Splitsen over magazijnen<\/li>\n\n\n\n<li>Afsplitsen grote producten<\/li>\n\n\n\n<li>Handmatig op de Montaportal<\/li>\n\n\n\n<li>Hoe zit het met de terugkoppeling naar de webshop bij gesplitste orders?<\/li>\n<\/ul>\n\n\n\n<h2 class=\"wp-block-heading\"><strong>1. Splitsen van backorders<\/strong><\/h2>\n\n\n\n<p class=\"wp-block-paragraph\">Bij een kanaal kan worden ingeschakeld dat backorders gesplitst moeten worden. Dit kan ook bij een order worden meegegeven vanuit de koppeling. Hiermee kan het deel wat op voorraad is al meteen verzonden worden. Het deel wat niet op voorraad is kan dan later verzonden worden. Het splitsen wordt uitgevoerd bij de backorder controle.<\/p>\n\n\n\n<p class=\"wp-block-paragraph\">Let op bij het inschakelen van het automatisch splitsen van backorders. Dit kan zorgen voor veel losse orders. Elke 3 minuten worden namelijk de backorders van nieuwe voorraad gecontroleerd. Dus als je een backorder hebt met 50 regels, en elke 5 minuten wordt een product op locatie gekoppeld, ontstaan er 50 losse orders. We zijn bezig om een knop te maken waarmee klanten op een zelf gekozen moment de backorders kunnen splitsen.<\/p>\n\n\n\n<h2 class=\"wp-block-heading\"><strong>2. Splitsen van backorders van specifieke suppliers<\/strong><\/h2>\n\n\n\n<p class=\"wp-block-paragraph\">Bij de backorder controle wordt gekeken of er voldoende beschikbare voorraad is om de order te verwerken. Hierbij gebeurd ook het volgende:<\/p>\n\n\n\n<ul class=\"wp-block-list\">\n<li>Toevoegproducten verwijderen die geen backorder mogen veroorzaken<\/li>\n\n\n\n<li>Als bij de order staat ingesteld dat deze geen backorder mag worden, worden de producten waarvan geen voorraad is verwijderd uit de order<\/li>\n\n\n\n<li>Producten van suppliers splitsen naar ander magazijn als dit ingesteld staat bij de supplier<\/li>\n\n\n\n<li>Producten in backorder splitsen naar aparte order als dit ingesteld staat bij de supplier. De aparte order op verzonden (dropship) zetten als dit ingesteld staat bij de supplier.<\/li>\n\n\n\n<li>Order verplaatsen of splitsen naar magazijn met voorraad.<\/li>\n\n\n\n<li>Voorraad omboeken vanaf de wholesaler<\/li>\n<\/ul>\n\n\n\n<p class=\"wp-block-paragraph\">Backorders splitsen: per kanaal en order kan ingesteld worden of backorders gesplitst moeten worden. De backorder controle wordt uitgevoerd op de volgende momenten:<\/p>\n\n\n\n<ul class=\"wp-block-list\">\n<li>Bij het verifi\u00ebren van een order<\/li>\n\n\n\n<li>Ongeveer 3 minuten nadat er nieuwe voorraad is ge-inbound van een product, worden alle backorders van dat product gecontroleerd<\/li>\n\n\n\n<li>Elke paar uur worden alle backorders gecontroleerd<\/li>\n<\/ul>\n\n\n\n<h2 class=\"wp-block-heading\"><strong>3. Splitsen op waarde<\/strong><\/h2>\n\n\n\n<p class=\"wp-block-paragraph\">Om orders met hoge waarde te splitsen in meerdere orders met een lagere waarde. Om hoge importheffingen te voorkomen. Dit kan ingesteld worden in de Montaportal.<\/p>\n\n\n\n<h2 class=\"wp-block-heading\"><strong>4. Splitsen over magazijnen<\/strong><\/h2>\n\n\n\n<p class=\"wp-block-paragraph\">De voorraad kan in meerdere magazijnen worden opgeslagen. Het is ook mogelijk om vanuit meerdere magazijnen orders te verzenden. Hiervoor zijn twee opties die ingeschakeld kunnen worden bij een klant:<\/p>\n\n\n\n<ol class=\"wp-block-list\">\n<li>Orders omzetten naar magazijn waar de voorraad is<\/li>\n\n\n\n<li>Orders splitsen naar magazijn waar de voorraad is<\/li>\n<\/ol>\n\n\n\n<p class=\"wp-block-paragraph\">Bij optie 1 wordt de order bij elkaar gehouden. Bij optie 2 wordt de order gesplitst als producten in de order in verschillende magazijnen liggen. In elk magazijn moet een kanaal gemaakt zijn. Het omzetten\/splitsen wordt uitgevoerd bij de backorder controle. Bij het controleren in welke magazijnen voorraad is, wordt transit voorraad ook meegeteld. Omdat die snel beschikbaar komt.<\/p>\n\n\n\n<h2 class=\"wp-block-heading\"><strong>5. Afsplitsen grote producten<\/strong><\/h2>\n\n\n\n<p class=\"wp-block-paragraph\">Het is mogelijk om automatisch grote producten af te splitsen naar losse orders. Omdat orders met \u00e9\u00e9n item (S orders) effici\u00ebnter verwerkt kunnen worden. Dit moet per klant ingesteld worden. Per magazijn is in te stellen vanaf welke afmetingen producten afgesplitst moeten worden.<\/p>\n\n\n\n<h2 class=\"wp-block-heading\"><strong>6. Handmatig in de Montaportal<\/strong><\/h2>\n\n\n\n<p class=\"wp-block-paragraph\">De klant kan in de Montaportal handmatig een backorder splitsen.<\/p>\n\n\n\n<p class=\"wp-block-paragraph\"><strong>Factuurinformatie meesplitsen<\/strong><br>Om te voorkomen dat een afgesplitste order geen factuurinformatie meer heeft (wat nodig is voor douane zendingen), kan ingeschakeld worden dat de factuur ook wordt gesplitst. Dit kan ingeschakeld worden in de Montaportal. Standaard staat dit uitgeschakeld omdat MontaWMS niet zonder toestemming financi\u00eble informatie wil manipuleren.<\/p>\n\n\n\n<div class=\"wp-block-stackable-spacer stk-block-spacer stk--no-padding stk-block stk-5d9c9a8\" data-block-id=\"5d9c9a8\"><\/div>\n","protected":false},"excerpt":{"rendered":"<p>Op welke manier order splitsen? Orders splitsen\/deelverzendingen Een order kan in meerdere delen verzonden worden. De order wordt dan gesplitst. Een order kan gesplitst worden op de volgende manieren: 1. Splitsen van backorders Bij een kanaal kan worden ingeschakeld dat backorders gesplitst moeten worden. Dit kan ook bij een order worden meegegeven vanuit de koppeling. [&hellip;]<\/p>\n","protected":false},"author":2,"featured_media":0,"parent":436,"menu_order":0,"comment_status":"closed","ping_status":"closed","template":"","meta":{"_crdt_document":"","content-type":"","footnotes":""},"class_list":["post-579","page","type-page","status-publish","hentry"],"blocksy_meta":{"styles_descriptor":{"styles":{"desktop":"","tablet":"","mobile":""},"google_fonts":[],"version":6}},"ams_acf":[],"_links":{"self":[{"href":"https:\/\/montawms.com\/nl\/wp-json\/wp\/v2\/pages\/579","targetHints":{"allow":["GET"]}}],"collection":[{"href":"https:\/\/montawms.com\/nl\/wp-json\/wp\/v2\/pages"}],"about":[{"href":"https:\/\/montawms.com\/nl\/wp-json\/wp\/v2\/types\/page"}],"author":[{"embeddable":true,"href":"https:\/\/montawms.com\/nl\/wp-json\/wp\/v2\/users\/2"}],"replies":[{"embeddable":true,"href":"https:\/\/montawms.com\/nl\/wp-json\/wp\/v2\/comments?post=579"}],"version-history":[{"count":1,"href":"https:\/\/montawms.com\/nl\/wp-json\/wp\/v2\/pages\/579\/revisions"}],"predecessor-version":[{"id":10664,"href":"https:\/\/montawms.com\/nl\/wp-json\/wp\/v2\/pages\/579\/revisions\/10664"}],"up":[{"embeddable":true,"href":"https:\/\/montawms.com\/nl\/wp-json\/wp\/v2\/pages\/436"}],"wp:attachment":[{"href":"https:\/\/montawms.com\/nl\/wp-json\/wp\/v2\/media?parent=579"}],"curies":[{"name":"wp","href":"https:\/\/api.w.org\/{rel}","templated":true}]}}