{"id":583,"date":"2022-11-21T08:54:18","date_gmt":"2022-11-21T08:54:18","guid":{"rendered":"https:\/\/montawms.com\/nl\/?page_id=583"},"modified":"2025-03-18T08:40:04","modified_gmt":"2025-03-18T08:40:04","slug":"wat-is-voorraadallocatie","status":"publish","type":"page","link":"https:\/\/montawms.com\/nl\/kennisbank\/outbound\/wat-is-voorraadallocatie\/","title":{"rendered":"Wat is voorraadallocatie?"},"content":{"rendered":"<nav aria-label=\"breadcrumbs\" class=\"rank-math-breadcrumb\"><p><span class=\"last\">Home<\/span><\/p><\/nav>\n\n\n\n<div class=\"wp-block-stackable-columns alignfull stk-block-columns stk-block stk-c2a98d6 stk-block-background stk--has-background-overlay\" data-block-id=\"c2a98d6\"><style>.stk-c2a98d6 {background-color:#009de0 !important;background-image:url(https:\/\/montawms.com\/nl\/wp-content\/uploads\/sites\/2\/2022\/11\/Wat-is-voorraadallocatie.webp) !important;min-height:510px !important;align-items:center !important;margin-bottom:0px !important;display:flex !important;}.stk-c2a98d6:before{background-color:#009de0 !important;opacity:0.8 !important;}<\/style><div class=\"stk-row stk-inner-blocks stk-block-content stk-content-align stk-c2a98d6-column alignwide\">\n<div class=\"wp-block-stackable-column stk-block-column stk-column stk-block stk-0dfa6eb\" data-v=\"4\" data-block-id=\"0dfa6eb\"><div class=\"stk-column-wrapper stk-block-column__content stk-container stk-0dfa6eb-container stk--no-background stk--no-padding\"><div class=\"stk-block-content stk-inner-blocks stk-0dfa6eb-inner-blocks\">\n<div class=\"wp-block-stackable-heading stk-block-heading stk-block-heading--v2 stk-block stk-0c364f8\" id=\"strong-wat-is-voorraadallocatie-strong\" data-block-id=\"0c364f8\"><style>.stk-0c364f8 .stk-block-heading__text{font-size:45px !important;color:var(--theme-palette-color-8, #ffffff) !important;}@media screen and (max-width:999px){.stk-0c364f8 .stk-block-heading__text{font-size:45px !important;}}<\/style><h1 class=\"stk-block-heading__text has-text-color has-text-align-center\"><strong>Wat is voorraadallocatie?<\/strong><\/h1><\/div>\n<\/div><\/div><\/div>\n<\/div><\/div>\n\n\n\n<h2 class=\"wp-block-heading\"><strong>Voorraadallocatie<\/strong><\/h2>\n\n\n\n<p class=\"wp-block-paragraph\">Het is ook mogelijk om voorraad te reserveren zonder order. Dit kan door het maken van een voorraadallocatie. Met een voorraadallocatie is het ook mogelijk om voorraad beschikbaar te maken voor een specifiek kanaal. Door bij het aanmaken van de voorraadallocatie aan te geven dat \u00e9\u00e9n of meer kanalen de gealloceerde voorraad w\u00e9l mogen gebruikt. Let op: om dit invloed te laten hebben op de voorraad die wordt doorgegeven in een voorraadkoppeling, moet het kanaal ook nog ingesteld worden in de voorraadkoppeling (full- en changed stock update). Een voorraadallocaties kan ook gebruikt worden om een deel van de voorraad beschikbaar te maken voor een retailer.<\/p>\n\n\n\n<div class=\"wp-block-stackable-columns alignfull stk-block-columns stk-block stk-3f4bb50 stk-block-background\" data-block-id=\"3f4bb50\"><div class=\"stk-row stk-inner-blocks stk-block-content stk-content-align stk-3f4bb50-column\">\n<div class=\"wp-block-stackable-column stk-block-column stk-column stk-block stk-f6677ff\" data-v=\"4\" data-block-id=\"f6677ff\"><div class=\"stk-column-wrapper stk-block-column__content stk-container stk-f6677ff-container stk--no-background stk--no-padding\"><div class=\"stk-block-content stk-inner-blocks stk-f6677ff-inner-blocks\">\n<div class=\"wp-block-stackable-image stk-block-image stk--hide-desktop stk-block stk-60ac2b3\" data-block-id=\"60ac2b3\"><figure><span class=\"stk-img-wrapper stk-image--shape-stretch\"><img loading=\"lazy\" decoding=\"async\" class=\"stk-img wp-image-4896\" src=\"https:\/\/montawms.com\/nl\/wp-content\/uploads\/sites\/2\/2023\/05\/Magazijn-van-de-toekomst-wms.webp\" width=\"1500\" height=\"1000\" alt=\"Magazijn van de toekomst wms\" title=\"\" srcset=\"https:\/\/montawms.com\/nl\/wp-content\/uploads\/sites\/2\/2023\/05\/Magazijn-van-de-toekomst-wms.webp 1500w, https:\/\/montawms.com\/nl\/wp-content\/uploads\/sites\/2\/2023\/05\/Magazijn-van-de-toekomst-wms-300x200.webp 300w, https:\/\/montawms.com\/nl\/wp-content\/uploads\/sites\/2\/2023\/05\/Magazijn-van-de-toekomst-wms-1024x683.webp 1024w, https:\/\/montawms.com\/nl\/wp-content\/uploads\/sites\/2\/2023\/05\/Magazijn-van-de-toekomst-wms-768x512.webp 768w\" sizes=\"auto, (max-width: 1500px) 100vw, 1500px\" \/><\/span><\/figure><\/div>\n\n\n\n<div class=\"wp-block-stackable-columns stk-block-columns stk-block stk-59c40f3\" data-block-id=\"59c40f3\"><div class=\"stk-row stk-inner-blocks stk-block-content stk-content-align stk-59c40f3-column\">\n<div class=\"wp-block-stackable-column stk-block-column stk-column stk--hide-tablet stk--hide-mobile stk-block stk-43e87c6\" data-v=\"4\" data-block-id=\"43e87c6\"><style>.stk-43e87c6 {align-self:center !important;}<\/style><div class=\"stk-column-wrapper stk-block-column__content stk-container stk-43e87c6-container stk--no-background stk--no-padding\"><div class=\"stk-block-content stk-inner-blocks stk-43e87c6-inner-blocks\">\n<div class=\"wp-block-stackable-image stk-block-image stk-block stk-0df1774\" data-block-id=\"0df1774\"><style>.stk-0df1774 .stk-img-wrapper{aspect-ratio:1\/1 !important;height:auto !important;}@media screen and (max-width:999px){.stk-0df1774 .stk-img-wrapper{height:auto !important;}}@media screen and (max-width:689px){.stk-0df1774 .stk-img-wrapper{height:auto !important;}}<\/style><figure><span class=\"stk-img-wrapper stk-image--shape-stretch\"><img loading=\"lazy\" decoding=\"async\" class=\"stk-img wp-image-4896\" src=\"https:\/\/montawms.com\/nl\/wp-content\/uploads\/sites\/2\/2023\/05\/Magazijn-van-de-toekomst-wms.webp\" width=\"1500\" height=\"1000\" alt=\"Magazijn van de toekomst wms\" title=\"\" srcset=\"https:\/\/montawms.com\/nl\/wp-content\/uploads\/sites\/2\/2023\/05\/Magazijn-van-de-toekomst-wms.webp 1500w, https:\/\/montawms.com\/nl\/wp-content\/uploads\/sites\/2\/2023\/05\/Magazijn-van-de-toekomst-wms-300x200.webp 300w, https:\/\/montawms.com\/nl\/wp-content\/uploads\/sites\/2\/2023\/05\/Magazijn-van-de-toekomst-wms-1024x683.webp 1024w, https:\/\/montawms.com\/nl\/wp-content\/uploads\/sites\/2\/2023\/05\/Magazijn-van-de-toekomst-wms-768x512.webp 768w\" sizes=\"auto, (max-width: 1500px) 100vw, 1500px\" \/><\/span><\/figure><\/div>\n<\/div><\/div><\/div>\n\n\n\n<div class=\"wp-block-stackable-column stk-block-column stk-column stk-block stk-cd59719\" data-v=\"4\" data-block-id=\"cd59719\"><style>.stk-cd59719 {align-self:center !important;}<\/style><div class=\"stk-column-wrapper stk-block-column__content stk-container stk-cd59719-container stk--no-background stk--no-padding\"><div class=\"stk-block-content stk-inner-blocks stk-cd59719-inner-blocks\">\n<div class=\"wp-block-stackable-text stk-block-text stk-block stk-20c6715\" data-block-id=\"20c6715\"><style>.stk-20c6715 .stk-block-text__text{font-size:35px !important;}@media screen and (max-width:999px){.stk-20c6715 .stk-block-text__text{font-size:35px !important;}}<\/style><p class=\"stk-block-text__text\"><strong>Het magazijn van de toekomst<\/strong><\/p><\/div>\n\n\n\n<div class=\"wp-block-stackable-text stk-block-text stk-block stk-b6a050a\" data-block-id=\"b6a050a\"><p class=\"stk-block-text__text\">Ons WMS is gebouwd op basis van de praktijk. Het draait ook in onze eigen fulfilment vestigingen. Kom langs om de software in het echt aan het werk te zien.<\/p><\/div>\n\n\n\n<div class=\"wp-block-leadin-hubspot-form-block\">\n\t\t\t\t\t\t<script>\n\t\t\t\t\t\t\twindow.hsFormsOnReady = window.hsFormsOnReady || [];\n\t\t\t\t\t\t\twindow.hsFormsOnReady.push(()=>{\n\t\t\t\t\t\t\t\thbspt.forms.create({\n\t\t\t\t\t\t\t\t\tportalId: 143977985,\n\t\t\t\t\t\t\t\t\tformId: \"a0f25f7d-dd5b-4c3c-b2e5-9a95b3d8e133\",\n\t\t\t\t\t\t\t\t\ttarget: \"#hbspt-form-1776957291000-8380432024\",\n\t\t\t\t\t\t\t\t\tregion: \"eu1\",\n\t\t\t\t\t\t\t\t\t\n\t\t\t\t\t\t\t})});\n\t\t\t\t\t\t<\/script>\n\t\t\t\t\t\t<div class=\"hbspt-form\" id=\"hbspt-form-1776957291000-8380432024\"><\/div><\/div>\n<\/div><\/div><\/div>\n<\/div><\/div>\n<\/div><\/div><\/div>\n<\/div><\/div>\n\n\n\n<div class=\"wp-block-stackable-spacer stk-block-spacer stk--no-padding stk-block stk-bb56c2a\" data-block-id=\"bb56c2a\"><\/div>\n","protected":false},"excerpt":{"rendered":"<p>Wat is voorraadallocatie? Voorraadallocatie Het is ook mogelijk om voorraad te reserveren zonder order. Dit kan door het maken van een voorraadallocatie. Met een voorraadallocatie is het ook mogelijk om voorraad beschikbaar te maken voor een specifiek kanaal. Door bij het aanmaken van de voorraadallocatie aan te geven dat \u00e9\u00e9n of meer kanalen de gealloceerde [&hellip;]<\/p>\n","protected":false},"author":2,"featured_media":0,"parent":436,"menu_order":0,"comment_status":"closed","ping_status":"closed","template":"","meta":{"_crdt_document":"","content-type":"","footnotes":""},"class_list":["post-583","page","type-page","status-publish","hentry"],"blocksy_meta":{"styles_descriptor":{"styles":{"desktop":"","tablet":"","mobile":""},"google_fonts":[],"version":6}},"ams_acf":[],"_links":{"self":[{"href":"https:\/\/montawms.com\/nl\/wp-json\/wp\/v2\/pages\/583","targetHints":{"allow":["GET"]}}],"collection":[{"href":"https:\/\/montawms.com\/nl\/wp-json\/wp\/v2\/pages"}],"about":[{"href":"https:\/\/montawms.com\/nl\/wp-json\/wp\/v2\/types\/page"}],"author":[{"embeddable":true,"href":"https:\/\/montawms.com\/nl\/wp-json\/wp\/v2\/users\/2"}],"replies":[{"embeddable":true,"href":"https:\/\/montawms.com\/nl\/wp-json\/wp\/v2\/comments?post=583"}],"version-history":[{"count":1,"href":"https:\/\/montawms.com\/nl\/wp-json\/wp\/v2\/pages\/583\/revisions"}],"predecessor-version":[{"id":10667,"href":"https:\/\/montawms.com\/nl\/wp-json\/wp\/v2\/pages\/583\/revisions\/10667"}],"up":[{"embeddable":true,"href":"https:\/\/montawms.com\/nl\/wp-json\/wp\/v2\/pages\/436"}],"wp:attachment":[{"href":"https:\/\/montawms.com\/nl\/wp-json\/wp\/v2\/media?parent=583"}],"curies":[{"name":"wp","href":"https:\/\/api.w.org\/{rel}","templated":true}]}}