{"id":591,"date":"2022-11-21T08:55:49","date_gmt":"2022-11-21T08:55:49","guid":{"rendered":"https:\/\/montawms.com\/nl\/?page_id=591"},"modified":"2025-10-21T06:55:10","modified_gmt":"2025-10-21T06:55:10","slug":"welke-pickstromen-zijn-er","status":"publish","type":"page","link":"https:\/\/montawms.com\/nl\/kennisbank\/outbound\/welke-pickstromen-zijn-er\/","title":{"rendered":"Welke pickstromen zijn er?"},"content":{"rendered":"<nav aria-label=\"breadcrumbs\" class=\"rank-math-breadcrumb\"><p><span class=\"last\">Home<\/span><\/p><\/nav>\n\n\n\n<div class=\"wp-block-stackable-columns alignfull stk-block-columns stk-block stk-c2a98d6 stk-block-background stk--has-background-overlay\" data-block-id=\"c2a98d6\"><style>.stk-c2a98d6 {background-color:#009de0 !important;background-image:url(https:\/\/montawms.com\/nl\/wp-content\/uploads\/sites\/2\/2022\/11\/Welke-pickstromen-zijn-er.webp) !important;min-height:510px !important;align-items:center !important;margin-bottom:0px !important;display:flex !important;}.stk-c2a98d6:before{background-color:#009de0 !important;opacity:0.8 !important;}<\/style><div class=\"stk-row stk-inner-blocks stk-block-content stk-content-align stk-c2a98d6-column alignwide\">\n<div class=\"wp-block-stackable-column stk-block-column stk-column stk-block stk-0dfa6eb\" data-v=\"4\" data-block-id=\"0dfa6eb\"><div class=\"stk-column-wrapper stk-block-column__content stk-container stk-0dfa6eb-container stk--no-background stk--no-padding\"><div class=\"stk-block-content stk-inner-blocks stk-0dfa6eb-inner-blocks\">\n<div class=\"wp-block-stackable-heading stk-block-heading stk-block-heading--v2 stk-block stk-0c364f8\" id=\"strong-welke-pickstromen-zijn-er-strong\" data-block-id=\"0c364f8\"><style>.stk-0c364f8 .stk-block-heading__text{font-size:45px !important;color:var(--theme-palette-color-8, #ffffff) !important;}@media screen and (max-width:999px){.stk-0c364f8 .stk-block-heading__text{font-size:45px !important;}}<\/style><h1 class=\"stk-block-heading__text has-text-color has-text-align-center\"><strong>Welke pickstromen zijn er?<\/strong><\/h1><\/div>\n<\/div><\/div><\/div>\n<\/div><\/div>\n\n\n\n<h2 class=\"wp-block-heading\"><strong>Pickstromen<\/strong><\/h2>\n\n\n\n<p class=\"wp-block-paragraph\">In een pickstroom worden orders verzameld die op een bepaalde manier gepickt moeten worden.<\/p>\n\n\n\n<figure class=\"wp-block-image size-full\"><img loading=\"lazy\" decoding=\"async\" width=\"586\" height=\"420\" src=\"https:\/\/montawms.com\/nl\/wp-content\/uploads\/sites\/2\/2023\/03\/Welke-pickstromen-zijn-er-1.png\" alt=\"Welke pickstromen zijn er\" class=\"wp-image-3126\" title=\"\" srcset=\"https:\/\/montawms.com\/nl\/wp-content\/uploads\/sites\/2\/2023\/03\/Welke-pickstromen-zijn-er-1.png 586w, https:\/\/montawms.com\/nl\/wp-content\/uploads\/sites\/2\/2023\/03\/Welke-pickstromen-zijn-er-1-300x215.png 300w\" sizes=\"auto, (max-width: 586px) 100vw, 586px\" \/><\/figure>\n\n\n\n<h2 class=\"wp-block-heading\"><strong>S-orders<\/strong><\/h2>\n\n\n\n<p class=\"wp-block-paragraph\">Orders die bestaan uit \u00e9\u00e9n item van \u00e9\u00e9n product (en evt. Echeck toevoegproducten). Het maakt niet uit hoe groot het product is. Er kunnen meerdere S-orders van verschillende producten in bulk gepickt worden in een grote krat. Bij de Echeck kan een willekeurig product uit de krat gepakt worden om te versturen. Omdat S-orders het meeste effici\u00ebnt verwerkt kunnen worden zijn er mogelijkheden om meer S-orders te cre\u00ebren:<\/p>\n\n\n\n<ul class=\"wp-block-list\">\n<li>Producten die in veel orders zitten kunnen bij de Echeck gelegd worden zodat ze niet meegepickt hoeven te worden.<\/li>\n\n\n\n<li>Grote producten kunnen afgesplitst worden naar aparte orders.<\/li>\n<\/ul>\n\n\n\n<h2 class=\"wp-block-heading\"><strong>HM-orders<\/strong><\/h2>\n\n\n\n<p class=\"wp-block-paragraph\">Orders die bestaan uit meer dan \u00e9\u00e9n item van \u00e9\u00e9n product (en evt. Echeck toevoegproducten). Er kunnen meerdere orders tegelijk in bulk gepickt worden in een grote krat. Hierbij kunnen ook S-orders van dat product meegepickt worden. Bij de Echeck kan een willekeurig product uit de krat gepakt worden om te versturen. De Echeck geeft dan aan hoeveel producten er nog bij gepakt moeten worden.<\/p>\n\n\n\n<h2 class=\"wp-block-heading\"><strong>M-orders<\/strong><\/h2>\n\n\n\n<p class=\"wp-block-paragraph\">Orders die bestaan uit meerdere producten. Ze kunnen op de volgende manieren gepickt worden.<\/p>\n\n\n\n<ul class=\"wp-block-list\">\n<li>Meerdere tegelijk in een pickronde met meerdere kratten op een kar<\/li>\n\n\n\n<li>Meerdere tegelijk in \u00e9\u00e9n krat en daarna uitsorteren met <a href=\"https:\/\/montawms.com\/nl\/wms-hardware\/put-to-light\/\">Put-to-light<\/a><\/li>\n\n\n\n<li>Meerdere tegelijk in \u00e9\u00e9n krat en daarna uitsorteren met een <a href=\"https:\/\/montawms.com\/nl\/kennisbank\/outbound\/wat-is-een-e-check-wall\/\">Echeck wall<\/a><br><\/li>\n<\/ul>\n\n\n\n<p class=\"wp-block-paragraph\">Als een order te grote producten bevat, wordt deze LM- of L-order. Hiervoor worden bij het magazijn maximale afmetingen van een M-order ingesteld. Het volume van de producten wordt ook gecontroleerd met het volume van de ingestelde afmetingen.<\/p>\n\n\n\n<h2 class=\"wp-block-heading\"><strong>LM-orders<\/strong><\/h2>\n\n\n\n<p class=\"wp-block-paragraph\">Orders die bestaan uit meerdere producten waarvan een product groter is dan bepaalde afmetingen. Het proces verloopt verder hetzelfde als bij M-orders.<\/p>\n\n\n\n<h2 class=\"wp-block-heading\"><strong>L-orders<\/strong><\/h2>\n\n\n\n<p class=\"wp-block-paragraph\">Orders met grote of veel producten. Deze worden per order gepickt.<\/p>\n\n\n\n<h2 class=\"wp-block-heading\"><strong>Gelijksoortige orders<\/strong><\/h2>\n\n\n\n<p class=\"wp-block-paragraph\">Orders met dezelfde samenstelling van producten. Aangezien ze makkelijk uit te sorteren zijn kunnen ze ook in bulk gepickt en bij de Echeck uitgesorteerd worden.<\/p>\n\n\n\n<h2 class=\"wp-block-heading\"><strong>Pallets picken<\/strong><\/h2>\n\n\n\n<p class=\"wp-block-paragraph\">De scanner biedt de optie om hele pallets te picken. Orders komen beschikbaar voor pallet picken als:<\/p>\n\n\n\n<ul class=\"wp-block-list\">\n<li>Een locatie helemaal wordt leeg gepickt of het aantal bestelde producten op de locatie is hoger dan de instelling \u201cGedeeltelijke pallet drempelwaarde\u201d;<\/li>\n\n\n\n<li>De locatie het type palletlocatie heeft;<\/li>\n\n\n\n<li>De locatie zich bevind in een pallet zone.<\/li>\n<\/ul>\n\n\n\n<h2 class=\"wp-block-heading\"><strong>B2B orders<\/strong><\/h2>\n\n\n\n<p class=\"wp-block-paragraph\">Er kan ingesteld worden dat orders per stuk gepickt kunnen worden door ze op de scanner te kiezen uit een lijst. Er kan ingesteld worden aan welke criteria een order moet voldoen om in deze pickstroom te komen. Dit kan op volume, aantal producten, aantal regels en alleen voor bepaalde klanten.<\/p>\n\n\n\n<h2 class=\"wp-block-heading\"><strong>BulkXL<\/strong><\/h2>\n\n\n\n<p class=\"wp-block-paragraph\">In deze pickstroom worden de verzendlabels geplakt tijdens het picken. Op deze manier wordt het picken en Echecken samengevoegd. Deze pickstroom is ingericht voor orders met grote artikelen (XL orders), met artikelen die zijn gemarkeerd als eigen verpakking drager. Naast XL-orders vallen ook S-orders binnen deze stroom omdat<\/p>\n\n\n\n<p class=\"wp-block-paragraph\">De BulkXL pickstroom kent twee soorten:<\/p>\n\n\n\n<ol class=\"wp-block-list\">\n<li>Vooraf printen<\/li>\n\n\n\n<li>Tijdens picken printen<\/li>\n<\/ol>\n\n\n\n<ul class=\"wp-block-list\">\n<li>Artikelen zijn altijd een eigen verzendverpakking (dit is ingevoerd in Gomonta).<\/li>\n\n\n\n<li>Meerdere colli bij 1 artikel niet mogelijk.<\/li>\n\n\n\n<li>Pickvolgorde wordt bepaald op basis van looproute, magazijn wordt ingericht op basis van groot naar klein om stapelen van pallets goed te krijgen.<\/li>\n\n\n\n<li>Artikelen zijn groter dan ingesteld (afmetingen en gewichten moeten kloppen)<\/li>\n\n\n\n<li>Orders vallen binnen de XL- of S-* Pickstroom<\/li>\n\n\n\n<li>Orders vallen binnen de itemaantallen ingesteld in GoMonta.<\/li>\n<\/ul>\n\n\n\n<p class=\"wp-block-paragraph\">Voor deze pickstroom is het minimum en het maximum van het aantal orders en producten, dat in een pickronde mag voorkomen, in te stellen. Bij deze pickstroom is het niet mogelijk zijn om op \u2018krat vol\u2019 te klikken, want dan gaat iemand anders de orders picken terwijl de verzendlabels al geprint zijn. Wel is het mogelijk om verder te picken op een volgende krat (zoals bij put-to-light).<\/p>\n\n\n\n<p class=\"wp-block-paragraph\">Bij een joker kunnen ze proberen het product ergens anders te vinden en te scannen (dan hoeft het geen joker te worden). Als ze het product niet ergens anders vinden moeten ze de producten die eventueel al gepickt zijn van de pallet af halen en apart leggen.<\/p>\n\n\n\n<h2 class=\"wp-block-heading\"><strong>Orders die niet via de scanner gepickt worden<\/strong><\/h2>\n\n\n\n<p class=\"wp-block-paragraph\">Er zijn ook orders die niet via de scanner gepickt worden.<\/p>\n\n\n\n<ul class=\"wp-block-list\">\n<li><a href=\"https:\/\/montawms.com\/nl\/wms-hardware\/e-check-only\/\">Echeck only <\/a>orders;<\/li>\n\n\n\n<li>Prepack orders die al ingepakt zijn.<\/li>\n<\/ul>\n\n\n\n<h2 class=\"wp-block-heading\"><strong>Bulkpicken<\/strong><\/h2>\n\n\n\n<p class=\"wp-block-paragraph\">Bij bepaalde pickstromen is het mogelijk meerdere orders tegelijk te picken. Alleen orders met dezelfde geplande verzenddatum komen in een bulkpick. Hierbij kunnen wel orders van verschillende afhaaltijden in \u00e9\u00e9n bulkpick komen. Met een instelling in GoMonta kan dit voorkomen worden, evt. een x aantal minuten voor de afhaaltijd.<\/p>\n\n\n\n<h2 class=\"wp-block-heading\"><strong>Put-to-light en Echeck wall<\/strong><\/h2>\n\n\n\n<p class=\"wp-block-paragraph\">Met Put-to-light en een Echeck wall kunnen in bulk gepickte producten uitgesorteerd worden naar individuele orders.<\/p>\n\n\n\n<div class=\"wp-block-stackable-columns alignfull stk-block-columns stk-block stk-f8fdbe9 stk-block-background\" data-block-id=\"f8fdbe9\"><style>.stk-f8fdbe9 {background-color:#f1f1f1 !important;}.stk-f8fdbe9:before{background-color:#f1f1f1 !important;}<\/style><div class=\"stk-row stk-inner-blocks stk-block-content stk-content-align stk-f8fdbe9-column\">\n<div class=\"wp-block-stackable-column stk-block-column stk-column stk-block stk-2af700a\" data-v=\"4\" data-block-id=\"2af700a\"><div class=\"stk-column-wrapper stk-block-column__content stk-container stk-2af700a-container stk--no-background stk--no-padding\"><div class=\"stk-block-content stk-inner-blocks stk-2af700a-inner-blocks\">\n<div class=\"wp-block-stackable-image stk-block-image stk--hide-desktop stk-block stk-468d77d\" data-block-id=\"468d77d\"><style>.stk-468d77d .stk-img-wrapper{width:1052px !important;}<\/style><figure><span class=\"stk-img-wrapper stk-image--shape-stretch\"><img loading=\"lazy\" decoding=\"async\" class=\"stk-img wp-image-13932\" src=\"https:\/\/montawms.com\/nl\/wp-content\/uploads\/sites\/2\/2026\/03\/MontaWMS-brochure-2026-NL-1.webp\" width=\"1052\" height=\"644\" alt=\"MontaWMS brochure\" title=\"\" srcset=\"https:\/\/montawms.com\/nl\/wp-content\/uploads\/sites\/2\/2026\/03\/MontaWMS-brochure-2026-NL-1.webp 1052w, https:\/\/montawms.com\/nl\/wp-content\/uploads\/sites\/2\/2026\/03\/MontaWMS-brochure-2026-NL-1-300x184.webp 300w, https:\/\/montawms.com\/nl\/wp-content\/uploads\/sites\/2\/2026\/03\/MontaWMS-brochure-2026-NL-1-1024x627.webp 1024w, https:\/\/montawms.com\/nl\/wp-content\/uploads\/sites\/2\/2026\/03\/MontaWMS-brochure-2026-NL-1-768x470.webp 768w\" sizes=\"auto, (max-width: 1052px) 100vw, 1052px\" \/><\/span><\/figure><\/div>\n\n\n\n<div class=\"wp-block-stackable-columns alignfull stk-block-columns stk-block stk-500cf2e stk-block-background\" data-block-id=\"500cf2e\"><style>.stk-500cf2e {background-color:#f1f1f1 !important;}.stk-500cf2e:before{background-color:#f1f1f1 !important;}<\/style><div class=\"stk-row stk-inner-blocks stk-block-content stk-content-align stk-500cf2e-column\">\n<div class=\"wp-block-stackable-column stk-block-column stk-column stk--hide-tablet stk--hide-mobile stk-block stk-7e05e7f\" data-v=\"4\" data-block-id=\"7e05e7f\"><style>.stk-7e05e7f {align-self:center !important;}<\/style><div class=\"stk-column-wrapper stk-block-column__content stk-container stk-7e05e7f-container stk--no-background stk--no-padding\"><div class=\"stk-block-content stk-inner-blocks stk-7e05e7f-inner-blocks\">\n<div class=\"wp-block-stackable-image stk-block-image stk-block stk-3093d00\" data-block-id=\"3093d00\"><figure><span class=\"stk-img-wrapper stk-image--shape-stretch\"><img loading=\"lazy\" decoding=\"async\" class=\"stk-img wp-image-13932\" src=\"https:\/\/montawms.com\/nl\/wp-content\/uploads\/sites\/2\/2026\/03\/MontaWMS-brochure-2026-NL-1.webp\" width=\"1052\" height=\"644\" alt=\"MontaWMS brochure\" title=\"\" srcset=\"https:\/\/montawms.com\/nl\/wp-content\/uploads\/sites\/2\/2026\/03\/MontaWMS-brochure-2026-NL-1.webp 1052w, https:\/\/montawms.com\/nl\/wp-content\/uploads\/sites\/2\/2026\/03\/MontaWMS-brochure-2026-NL-1-300x184.webp 300w, https:\/\/montawms.com\/nl\/wp-content\/uploads\/sites\/2\/2026\/03\/MontaWMS-brochure-2026-NL-1-1024x627.webp 1024w, https:\/\/montawms.com\/nl\/wp-content\/uploads\/sites\/2\/2026\/03\/MontaWMS-brochure-2026-NL-1-768x470.webp 768w\" sizes=\"auto, (max-width: 1052px) 100vw, 1052px\" \/><\/span><\/figure><\/div>\n<\/div><\/div><\/div>\n\n\n\n<div class=\"wp-block-stackable-column stk-block-column stk-column stk-block stk-e8c9e61\" data-v=\"4\" data-block-id=\"e8c9e61\"><style>.stk-e8c9e61 {align-self:center !important;}<\/style><div class=\"stk-column-wrapper stk-block-column__content stk-container stk-e8c9e61-container stk--no-background stk--no-padding\"><div class=\"stk-block-content stk-inner-blocks stk-e8c9e61-inner-blocks\">\n<div class=\"wp-block-stackable-text stk-block-text stk-block stk-cf0de92\" data-block-id=\"cf0de92\"><style>.stk-cf0de92 .stk-block-text__text{font-size:32px !important;}@media screen and (max-width:999px){.stk-cf0de92 .stk-block-text__text{font-size:32px !important;}}<\/style><p class=\"stk-block-text__text\"><strong>7 Speerpunten MontaWMS<\/strong><\/p><\/div>\n\n\n\n<p class=\"wp-block-paragraph\">Ontdek waarom onze klanten iedere dag met een glimlach door hun magazijn lopen. Waar mogen we de brochure naartoe sturen?<\/p>\n\n\n\n<div class=\"wp-block-leadin-hubspot-form-block\">\n\t\t\t\t\t\t<script>\n\t\t\t\t\t\t\twindow.hsFormsOnReady = window.hsFormsOnReady || [];\n\t\t\t\t\t\t\twindow.hsFormsOnReady.push(()=>{\n\t\t\t\t\t\t\t\thbspt.forms.create({\n\t\t\t\t\t\t\t\t\tportalId: 143977985,\n\t\t\t\t\t\t\t\t\tformId: \"c7eb5277-f8da-4397-8103-ccf2bdd41834\",\n\t\t\t\t\t\t\t\t\ttarget: \"#hbspt-form-1776957374000-4801905071\",\n\t\t\t\t\t\t\t\t\tregion: \"eu1\",\n\t\t\t\t\t\t\t\t\t\n\t\t\t\t\t\t\t})});\n\t\t\t\t\t\t<\/script>\n\t\t\t\t\t\t<div class=\"hbspt-form\" id=\"hbspt-form-1776957374000-4801905071\"><\/div><\/div>\n<\/div><\/div><\/div>\n<\/div><\/div>\n<\/div><\/div><\/div>\n<\/div><\/div>\n\n\n\n<div class=\"wp-block-stackable-spacer stk-block-spacer stk--no-padding stk-block stk-e84073c\" data-block-id=\"e84073c\"><\/div>\n","protected":false},"excerpt":{"rendered":"<p>Welke pickstromen zijn er? Pickstromen In een pickstroom worden orders verzameld die op een bepaalde manier gepickt moeten worden. S-orders Orders die bestaan uit \u00e9\u00e9n item van \u00e9\u00e9n product (en evt. Echeck toevoegproducten). Het maakt niet uit hoe groot het product is. Er kunnen meerdere S-orders van verschillende producten in bulk gepickt worden in een [&hellip;]<\/p>\n","protected":false},"author":2,"featured_media":0,"parent":436,"menu_order":0,"comment_status":"closed","ping_status":"closed","template":"","meta":{"_crdt_document":"","content-type":"","footnotes":""},"class_list":["post-591","page","type-page","status-publish","hentry"],"blocksy_meta":{"styles_descriptor":{"styles":{"desktop":"","tablet":"","mobile":""},"google_fonts":[],"version":6}},"ams_acf":[],"_links":{"self":[{"href":"https:\/\/montawms.com\/nl\/wp-json\/wp\/v2\/pages\/591","targetHints":{"allow":["GET"]}}],"collection":[{"href":"https:\/\/montawms.com\/nl\/wp-json\/wp\/v2\/pages"}],"about":[{"href":"https:\/\/montawms.com\/nl\/wp-json\/wp\/v2\/types\/page"}],"author":[{"embeddable":true,"href":"https:\/\/montawms.com\/nl\/wp-json\/wp\/v2\/users\/2"}],"replies":[{"embeddable":true,"href":"https:\/\/montawms.com\/nl\/wp-json\/wp\/v2\/comments?post=591"}],"version-history":[{"count":3,"href":"https:\/\/montawms.com\/nl\/wp-json\/wp\/v2\/pages\/591\/revisions"}],"predecessor-version":[{"id":12966,"href":"https:\/\/montawms.com\/nl\/wp-json\/wp\/v2\/pages\/591\/revisions\/12966"}],"up":[{"embeddable":true,"href":"https:\/\/montawms.com\/nl\/wp-json\/wp\/v2\/pages\/436"}],"wp:attachment":[{"href":"https:\/\/montawms.com\/nl\/wp-json\/wp\/v2\/media?parent=591"}],"curies":[{"name":"wp","href":"https:\/\/api.w.org\/{rel}","templated":true}]}}