{"id":599,"date":"2022-11-21T08:57:12","date_gmt":"2022-11-21T08:57:12","guid":{"rendered":"https:\/\/montawms.com\/nl\/?page_id=599"},"modified":"2025-03-18T08:49:05","modified_gmt":"2025-03-18T08:49:05","slug":"wat-zijn-dragers","status":"publish","type":"page","link":"https:\/\/montawms.com\/nl\/kennisbank\/outbound\/wat-zijn-dragers\/","title":{"rendered":"Wat zijn dragers?"},"content":{"rendered":"<nav aria-label=\"breadcrumbs\" class=\"rank-math-breadcrumb\"><p><span class=\"last\">Home<\/span><\/p><\/nav>\n\n\n\n<div class=\"wp-block-stackable-columns alignfull stk-block-columns stk-block stk-c2a98d6 stk-block-background stk--has-background-overlay\" data-block-id=\"c2a98d6\"><style>.stk-c2a98d6 {background-color:#009de0 !important;background-image:url(https:\/\/montawms.com\/nl\/wp-content\/uploads\/sites\/2\/2022\/11\/Wat-zijn-dragers.webp) !important;min-height:510px !important;align-items:center !important;margin-bottom:0px !important;display:flex !important;}.stk-c2a98d6:before{background-color:#009de0 !important;opacity:0.8 !important;}<\/style><div class=\"stk-row stk-inner-blocks stk-block-content stk-content-align stk-c2a98d6-column alignwide\">\n<div class=\"wp-block-stackable-column stk-block-column stk-column stk-block stk-0dfa6eb\" data-v=\"4\" data-block-id=\"0dfa6eb\"><div class=\"stk-column-wrapper stk-block-column__content stk-container stk-0dfa6eb-container stk--no-background stk--no-padding\"><div class=\"stk-block-content stk-inner-blocks stk-0dfa6eb-inner-blocks\">\n<div class=\"wp-block-stackable-heading stk-block-heading stk-block-heading--v2 stk-block stk-0c364f8\" id=\"strong-wat-zijn-dragers-strong\" data-block-id=\"0c364f8\"><style>.stk-0c364f8 .stk-block-heading__text{font-size:45px !important;color:var(--theme-palette-color-8, #ffffff) !important;}@media screen and (max-width:999px){.stk-0c364f8 .stk-block-heading__text{font-size:45px !important;}}<\/style><h1 class=\"stk-block-heading__text has-text-color has-text-align-center\"><strong>Wat zijn dragers?<\/strong><\/h1><\/div>\n<\/div><\/div><\/div>\n<\/div><\/div>\n\n\n\n<h2 class=\"wp-block-heading\"><strong>Dragers<\/strong><\/h2>\n\n\n\n<p class=\"wp-block-paragraph\">Bij het echecken van een order moet ook een drager (doos) gescand worden. Bij het kanaal van de order staat ingesteld welke dragers mogelijk zijn. Door elke doos te scannen wordt aangegeven uit hoeveel colli de order bestaat. Een drager heeft afmetingen en gewicht ingesteld. Hiermee wordt per collo het definitieve gewicht en de afmetingen van de order bepaald. Dit wordt weer gebruikt om de <a href=\"https:\/\/montawms.com\/nl\/koppelingen\/vervoerders\/\">juiste verzender<\/a> te kiezen. In GoMonta dragers toevoegen en de eigenschappen van dragers aanpassen.<\/p>\n\n\n\n<p class=\"wp-block-paragraph\"><strong><span style=\"text-decoration: underline\">Past door de brievenbus<\/span><\/strong><\/p>\n\n\n\n<p class=\"wp-block-paragraph\">De afmetingen van de drager zijn leidend voor de afmetingen van de colli. Deze afmetingen bepalen of een order door de brievenbus kan. Als een order door de brievenbus kan, zorgt dit voor lagere verzendkosten. Omdat niet altijd automatisch te bepalen is of alle colli van een zending wel of niet door de brievenbus passen, wordt dit gevraagd bij de echeck. De vraag wordt alleen gesteld als het nodig is:<\/p>\n\n\n\n<ul class=\"wp-block-list\">\n<li>Als bij de drager van alle colli het vinkje \u2018past altijd door de brievenbus\u2019 staat ingeschakeld, wordt de vraag niet gesteld. De order kan dan buspost worden als alle producten ook door de brievenbus passen volgens hun (verzend)afmetingen.<\/li>\n\n\n\n<li>Als een drager van tenminste \u00e9\u00e9n van de colli het vinkje \u2018past nooit door de brievenbus\u2019 heeft, wordt de vraag niet gesteld. De order kan dan nooit buspost worden omdat \u00e9\u00e9n van de dragers niet door de brievenbus past.<\/li>\n\n\n\n<li>Als een product volgens de afmetingen niet door de brievenbus past, wordt de vraag niet gesteld. De order kan dan nooit buspost worden omdat \u00e9\u00e9n van de producten niet past.<\/li>\n<\/ul>\n\n\n\n<p class=\"wp-block-paragraph\">Bij een kanaal kan ook ingesteld worden dat als een order uit \u00e9\u00e9n product bestaat (S order) \u00e9n het product past door de brievenbus, het verplicht is om een drager te kiezen die door de brievenbus past. Zodat zoveel mogelijk geprofiteerd wordt van de lagere verzendkosten voor buspost.<\/p>\n\n\n\n<h2 class=\"wp-block-heading\"><strong>Pallets<\/strong><\/h2>\n\n\n\n<p class=\"wp-block-paragraph\">Een pallet is een speciaal type drager die ook gescand kan worden bij de echeck. Op een pallet worden geen producten geplaats, maar andere dragers. Op die manier wordt bijgehouden welke producten in welke doos zitten en welke doos op welke pallet staat. Of een order pallet dragers heeft is ook van invloed op de verzender die gekozen wordt.<\/p>\n\n\n\n<div class=\"wp-block-stackable-columns alignfull stk-block-columns stk-block stk-3f4bb50 stk-block-background\" data-block-id=\"3f4bb50\"><div class=\"stk-row stk-inner-blocks stk-block-content stk-content-align stk-3f4bb50-column\">\n<div class=\"wp-block-stackable-column stk-block-column stk-column stk-block stk-f6677ff\" data-v=\"4\" data-block-id=\"f6677ff\"><div class=\"stk-column-wrapper stk-block-column__content stk-container stk-f6677ff-container stk--no-background stk--no-padding\"><div class=\"stk-block-content stk-inner-blocks stk-f6677ff-inner-blocks\">\n<div class=\"wp-block-stackable-image stk-block-image stk--hide-desktop stk-block stk-60ac2b3\" data-block-id=\"60ac2b3\"><figure><span class=\"stk-img-wrapper stk-image--shape-stretch\"><img loading=\"lazy\" decoding=\"async\" class=\"stk-img wp-image-4896\" src=\"https:\/\/montawms.com\/nl\/wp-content\/uploads\/sites\/2\/2023\/05\/Magazijn-van-de-toekomst-wms.webp\" width=\"1500\" height=\"1000\" alt=\"Magazijn van de toekomst wms\" title=\"\" srcset=\"https:\/\/montawms.com\/nl\/wp-content\/uploads\/sites\/2\/2023\/05\/Magazijn-van-de-toekomst-wms.webp 1500w, https:\/\/montawms.com\/nl\/wp-content\/uploads\/sites\/2\/2023\/05\/Magazijn-van-de-toekomst-wms-300x200.webp 300w, https:\/\/montawms.com\/nl\/wp-content\/uploads\/sites\/2\/2023\/05\/Magazijn-van-de-toekomst-wms-1024x683.webp 1024w, https:\/\/montawms.com\/nl\/wp-content\/uploads\/sites\/2\/2023\/05\/Magazijn-van-de-toekomst-wms-768x512.webp 768w\" sizes=\"auto, (max-width: 1500px) 100vw, 1500px\" \/><\/span><\/figure><\/div>\n\n\n\n<div class=\"wp-block-stackable-columns stk-block-columns stk-block stk-59c40f3\" data-block-id=\"59c40f3\"><div class=\"stk-row stk-inner-blocks stk-block-content stk-content-align stk-59c40f3-column\">\n<div class=\"wp-block-stackable-column stk-block-column stk-column stk--hide-tablet stk--hide-mobile stk-block stk-43e87c6\" data-v=\"4\" data-block-id=\"43e87c6\"><style>.stk-43e87c6 {align-self:center !important;}<\/style><div class=\"stk-column-wrapper stk-block-column__content stk-container stk-43e87c6-container stk--no-background stk--no-padding\"><div class=\"stk-block-content stk-inner-blocks stk-43e87c6-inner-blocks\">\n<div class=\"wp-block-stackable-image stk-block-image stk-block stk-0df1774\" data-block-id=\"0df1774\"><style>.stk-0df1774 .stk-img-wrapper{aspect-ratio:1\/1 !important;height:auto !important;}@media screen and (max-width:999px){.stk-0df1774 .stk-img-wrapper{height:auto !important;}}@media screen and (max-width:689px){.stk-0df1774 .stk-img-wrapper{height:auto !important;}}<\/style><figure><span class=\"stk-img-wrapper stk-image--shape-stretch\"><img loading=\"lazy\" decoding=\"async\" class=\"stk-img wp-image-4896\" src=\"https:\/\/montawms.com\/nl\/wp-content\/uploads\/sites\/2\/2023\/05\/Magazijn-van-de-toekomst-wms.webp\" width=\"1500\" height=\"1000\" alt=\"Magazijn van de toekomst wms\" title=\"\" srcset=\"https:\/\/montawms.com\/nl\/wp-content\/uploads\/sites\/2\/2023\/05\/Magazijn-van-de-toekomst-wms.webp 1500w, https:\/\/montawms.com\/nl\/wp-content\/uploads\/sites\/2\/2023\/05\/Magazijn-van-de-toekomst-wms-300x200.webp 300w, https:\/\/montawms.com\/nl\/wp-content\/uploads\/sites\/2\/2023\/05\/Magazijn-van-de-toekomst-wms-1024x683.webp 1024w, https:\/\/montawms.com\/nl\/wp-content\/uploads\/sites\/2\/2023\/05\/Magazijn-van-de-toekomst-wms-768x512.webp 768w\" sizes=\"auto, (max-width: 1500px) 100vw, 1500px\" \/><\/span><\/figure><\/div>\n<\/div><\/div><\/div>\n\n\n\n<div class=\"wp-block-stackable-column stk-block-column stk-column stk-block stk-cd59719\" data-v=\"4\" data-block-id=\"cd59719\"><style>.stk-cd59719 {align-self:center !important;}<\/style><div class=\"stk-column-wrapper stk-block-column__content stk-container stk-cd59719-container stk--no-background stk--no-padding\"><div class=\"stk-block-content stk-inner-blocks stk-cd59719-inner-blocks\">\n<div class=\"wp-block-stackable-text stk-block-text stk-block stk-20c6715\" data-block-id=\"20c6715\"><style>.stk-20c6715 .stk-block-text__text{font-size:35px !important;}@media screen and (max-width:999px){.stk-20c6715 .stk-block-text__text{font-size:35px !important;}}<\/style><p class=\"stk-block-text__text\"><strong>Het magazijn van de toekomst<\/strong><\/p><\/div>\n\n\n\n<div class=\"wp-block-stackable-text stk-block-text stk-block stk-b6a050a\" data-block-id=\"b6a050a\"><p class=\"stk-block-text__text\">Ons WMS is gebouwd op basis van de praktijk. Het draait ook in onze eigen fulfilment vestigingen. Kom langs om de software in het echt aan het werk te zien.<\/p><\/div>\n\n\n\n<div class=\"wp-block-leadin-hubspot-form-block\">\n\t\t\t\t\t\t<script>\n\t\t\t\t\t\t\twindow.hsFormsOnReady = window.hsFormsOnReady || [];\n\t\t\t\t\t\t\twindow.hsFormsOnReady.push(()=>{\n\t\t\t\t\t\t\t\thbspt.forms.create({\n\t\t\t\t\t\t\t\t\tportalId: 143977985,\n\t\t\t\t\t\t\t\t\tformId: \"a0f25f7d-dd5b-4c3c-b2e5-9a95b3d8e133\",\n\t\t\t\t\t\t\t\t\ttarget: \"#hbspt-form-1776957297000-3644124235\",\n\t\t\t\t\t\t\t\t\tregion: \"eu1\",\n\t\t\t\t\t\t\t\t\t\n\t\t\t\t\t\t\t})});\n\t\t\t\t\t\t<\/script>\n\t\t\t\t\t\t<div class=\"hbspt-form\" id=\"hbspt-form-1776957297000-3644124235\"><\/div><\/div>\n<\/div><\/div><\/div>\n<\/div><\/div>\n<\/div><\/div><\/div>\n<\/div><\/div>\n\n\n\n<div class=\"wp-block-stackable-spacer stk-block-spacer stk--no-padding stk-block stk-72b197c\" data-block-id=\"72b197c\"><\/div>\n","protected":false},"excerpt":{"rendered":"<p>Wat zijn dragers? Dragers Bij het echecken van een order moet ook een drager (doos) gescand worden. Bij het kanaal van de order staat ingesteld welke dragers mogelijk zijn. Door elke doos te scannen wordt aangegeven uit hoeveel colli de order bestaat. Een drager heeft afmetingen en gewicht ingesteld. Hiermee wordt per collo het definitieve [&hellip;]<\/p>\n","protected":false},"author":2,"featured_media":0,"parent":436,"menu_order":0,"comment_status":"closed","ping_status":"closed","template":"","meta":{"_crdt_document":"","content-type":"","footnotes":""},"class_list":["post-599","page","type-page","status-publish","hentry"],"blocksy_meta":{"styles_descriptor":{"styles":{"desktop":"","tablet":"","mobile":""},"google_fonts":[],"version":6}},"ams_acf":[],"_links":{"self":[{"href":"https:\/\/montawms.com\/nl\/wp-json\/wp\/v2\/pages\/599","targetHints":{"allow":["GET"]}}],"collection":[{"href":"https:\/\/montawms.com\/nl\/wp-json\/wp\/v2\/pages"}],"about":[{"href":"https:\/\/montawms.com\/nl\/wp-json\/wp\/v2\/types\/page"}],"author":[{"embeddable":true,"href":"https:\/\/montawms.com\/nl\/wp-json\/wp\/v2\/users\/2"}],"replies":[{"embeddable":true,"href":"https:\/\/montawms.com\/nl\/wp-json\/wp\/v2\/comments?post=599"}],"version-history":[{"count":1,"href":"https:\/\/montawms.com\/nl\/wp-json\/wp\/v2\/pages\/599\/revisions"}],"predecessor-version":[{"id":10691,"href":"https:\/\/montawms.com\/nl\/wp-json\/wp\/v2\/pages\/599\/revisions\/10691"}],"up":[{"embeddable":true,"href":"https:\/\/montawms.com\/nl\/wp-json\/wp\/v2\/pages\/436"}],"wp:attachment":[{"href":"https:\/\/montawms.com\/nl\/wp-json\/wp\/v2\/media?parent=599"}],"curies":[{"name":"wp","href":"https:\/\/api.w.org\/{rel}","templated":true}]}}